{"id":2349,"date":"2016-08-01T13:23:20","date_gmt":"2016-08-01T18:23:20","guid":{"rendered":"http:\/\/binary.ec\/SITE\/?page_id=2349"},"modified":"2024-03-15T15:41:54","modified_gmt":"2024-03-15T20:41:54","slug":"diseno-web","status":"publish","type":"page","link":"https:\/\/binary.ec\/SITE\/diseno-web\/","title":{"rendered":"Dise\u00f1o WEB"},"content":{"rendered":"<div class=\"wp-block-image animated fadeInDown\">\n<figure class=\"aligncenter\"><img loading=\"lazy\" decoding=\"async\" width=\"1200\" height=\"565\" src=\"http:\/\/binary.ec\/SITE\/wp-content\/uploads\/2016\/08\/dise\u00f1o-web1.jpg\" alt=\"dise\u00f1o-web1\" class=\"wp-image-2391\" srcset=\"https:\/\/binary.ec\/SITE\/wp-content\/uploads\/2016\/08\/dise\u00f1o-web1.jpg 1200w, https:\/\/binary.ec\/SITE\/wp-content\/uploads\/2016\/08\/dise\u00f1o-web1-300x141.jpg 300w, https:\/\/binary.ec\/SITE\/wp-content\/uploads\/2016\/08\/dise\u00f1o-web1-768x362.jpg 768w, https:\/\/binary.ec\/SITE\/wp-content\/uploads\/2016\/08\/dise\u00f1o-web1-1024x482.jpg 1024w\" sizes=\"(max-width: 1200px) 100vw, 1200px\" \/><\/figure><\/div>\n\n\n<p><\/p>\n\n\n\n<span class=\"wpsdc-drop-cap\">E<\/span>l dise\u00f1o web es una actividad que consiste en la planificaci\u00f3n, dise\u00f1o, implementaci\u00f3n y mantenimiento de sitios web. No es simplemente la implementaci\u00f3n del dise\u00f1o convencional ya que se abarcan diferentes aspectos como el dise\u00f1o gr\u00e1fico web; dise\u00f1o de interfaz y experiencia de usuario, como la navegabilidad, interactividad,usabilidad, arquitectura de la informaci\u00f3n; interacci\u00f3n de medios, entre los que podemos mencionar audio, texto, imagen, enlaces, video y la optimizaci\u00f3n de motores de b\u00fasqueda. A menudo muchas personas trabajan en equipos que cubren los diferentes aspectos del proceso de dise\u00f1o, aunque existen algunos dise\u00f1adores independientes que trabajan solos.<\/p>\n\n\n\n<p>Nuestros dise\u00f1adores web comprenden perfectamente que el sitio online no es solo \"no faltar en la web\", sino una herramienta que se acopla perfectamente con los lineamientos culturales de la entidad que representa.<\/p>\n\n\n\n<h4 class=\"wp-block-heading\"><a>\u201cEstoy convencido que lo que separa a emprendedores exitosos y a los que no es la perseverancia\u201d<\/a><\/h4>\n","protected":false},"excerpt":{"rendered":"El dise\u00f1o web es una actividad que consiste en la planificaci\u00f3n, dise\u00f1o, implementaci\u00f3n y mantenimiento de sitios web. No es simplemente la implementaci\u00f3n del dise\u00f1o convencional ya que se abarcan diferentes aspectos como el dise\u00f1o gr\u00e1fico web; dise\u00f1o de interfaz y experiencia de usuario, como la navegabilidad, interactividad,usabilidad, arquitectura de la informaci\u00f3n; interacci\u00f3n de medios, entre los que podemos mencionar&nbsp;<a href=\"https:\/\/binary.ec\/SITE\/diseno-web\/\" class=\"read-more\">Seguir leyendo<\/a>","protected":false},"author":2,"featured_media":0,"parent":0,"menu_order":0,"comment_status":"closed","ping_status":"closed","template":"","meta":{"_mi_skip_tracking":false,"footnotes":""},"_links":{"self":[{"href":"https:\/\/binary.ec\/SITE\/wp-json\/wp\/v2\/pages\/2349"}],"collection":[{"href":"https:\/\/binary.ec\/SITE\/wp-json\/wp\/v2\/pages"}],"about":[{"href":"https:\/\/binary.ec\/SITE\/wp-json\/wp\/v2\/types\/page"}],"author":[{"embeddable":true,"href":"https:\/\/binary.ec\/SITE\/wp-json\/wp\/v2\/users\/2"}],"replies":[{"embeddable":true,"href":"https:\/\/binary.ec\/SITE\/wp-json\/wp\/v2\/comments?post=2349"}],"version-history":[{"count":3,"href":"https:\/\/binary.ec\/SITE\/wp-json\/wp\/v2\/pages\/2349\/revisions"}],"predecessor-version":[{"id":2717,"href":"https:\/\/binary.ec\/SITE\/wp-json\/wp\/v2\/pages\/2349\/revisions\/2717"}],"wp:attachment":[{"href":"https:\/\/binary.ec\/SITE\/wp-json\/wp\/v2\/media?parent=2349"}],"curies":[{"name":"wp","href":"https:\/\/api.w.org\/{rel}","templated":true}]}}