{"id":2345,"date":"2016-08-01T13:17:17","date_gmt":"2016-08-01T18:17:17","guid":{"rendered":"http:\/\/binary.ec\/SITE\/?page_id=2345"},"modified":"2018-09-13T15:53:20","modified_gmt":"2018-09-13T20:53:20","slug":"bi-academos","status":"publish","type":"page","link":"https:\/\/binary.ec\/SITE\/bi-academos\/","title":{"rendered":"Bi-Academos"},"content":{"rendered":"<p><img loading=\"lazy\" decoding=\"async\" class=\"aligncenter wp-image-2380 size-full\" src=\"http:\/\/binary.ec\/SITE\/wp-content\/uploads\/2016\/08\/bi-academos.jpg\" alt=\"bi-academos\" width=\"1200\" height=\"628\" srcset=\"https:\/\/binary.ec\/SITE\/wp-content\/uploads\/2016\/08\/bi-academos.jpg 1200w, https:\/\/binary.ec\/SITE\/wp-content\/uploads\/2016\/08\/bi-academos-300x157.jpg 300w, https:\/\/binary.ec\/SITE\/wp-content\/uploads\/2016\/08\/bi-academos-768x402.jpg 768w, https:\/\/binary.ec\/SITE\/wp-content\/uploads\/2016\/08\/bi-academos-1024x536.jpg 1024w\" sizes=\"(max-width: 1200px) 100vw, 1200px\" \/><\/p>\n<p style=\"text-align: justify;\"><strong><span class=\"wpsdc-drop-cap\">E<\/span>l SISTEMA ACAD\u00c9MICO BI-ACADEMOS<\/strong>, desarrollado por <strong>Binary Sistemas<\/strong>, es un sistema modular y parametrizable, el mismo que permite llevar un correcto registro de las actividades acad\u00e9micas de las instituciones de educaci\u00f3n superior, as\u00ed como tener el control de los pagos por concepto de colegiatura de los alumnos. Est\u00e1 desarrollado en un ambiente WEB, el mismo que brinda enormes ventajas de accesibilidad y control.<\/p>\n<p style=\"text-align: justify;\">Este software ha sido creado a partir de la necesidad generada por parte de la oferta de servicios que cada instituci\u00f3n debe proveer, as\u00ed como por la necesidad de contar con un sistema de informaci\u00f3n real y oportuno tanto de la parte acad\u00e9mica como del aspecto financiero.<\/p>\n<p style=\"text-align: justify;\">BI-ACADEMOS ha sido probado y ha tenido excelentes resultados respecto a su rendimiento y usabilidad. Se puede acceder a \u00e9l desde cualquier dispositivo que tenga conexi\u00f3n a internet, incluso smartphone pues est\u00e1 construido bajo tecnolog\u00eda responsive que adapta el contenido del aplicativo al tama\u00f1o del dispositivo desde el cual se est\u00e1 conectando.<\/p>\n<p style=\"text-align: justify;\">Los m\u00f3dulos disponibles en <strong>BI-ACADEMOS<\/strong> son los siguientes:<\/p>\n<ol>\n<li>M\u00f3dulo de <strong>Clientes<\/strong><\/li>\n<li>M\u00f3dulo <strong>Acad\u00e9mico (Autoridad \u2013 Docente \u2013 Estudiante)<\/strong><\/li>\n<li>Modulo de <strong>Reportes<\/strong><\/li>\n<li>M\u00f3dulo de <strong>Facturaci\u00f3n (control de pagos de los alumnos)<\/strong><\/li>\n<li>M\u00f3dulo de <strong>Caja<\/strong><\/li>\n<li>M\u00f3dulo <strong>Admin<\/strong><\/li>\n<li>M\u00f3dulo de<strong>Biblioteca (f\u00edsica)<\/strong><\/li>\n<\/ol>\n<p>&nbsp;<\/p>\n<p style=\"text-align: center;\"><a href=\"http:\/\/binary.ec\/SITE\/wp-content\/uploads\/2018\/09\/Propuesta-SISTEMA-BI-ACADEMOS.pdf\" title=\"Ver Propuesta\" class=\"btn btn-success btn-normal btn-inline \" target=\"_blank\">Ver Propuesta<\/a><!-- .btn -->\n","protected":false},"excerpt":{"rendered":"El SISTEMA ACAD\u00c9MICO BI-ACADEMOS, desarrollado por Binary Sistemas, es un sistema modular y parametrizable, el mismo que permite llevar un correcto registro de las actividades acad\u00e9micas de las instituciones de educaci\u00f3n superior, as\u00ed como tener el control de los pagos por concepto de colegiatura de los alumnos. Est\u00e1 desarrollado en un ambiente WEB, el mismo que brinda enormes ventajas de&nbsp;<a href=\"https:\/\/binary.ec\/SITE\/bi-academos\/\" class=\"read-more\">Seguir leyendo<\/a>","protected":false},"author":2,"featured_media":0,"parent":0,"menu_order":0,"comment_status":"closed","ping_status":"closed","template":"","meta":{"_mi_skip_tracking":false,"footnotes":""},"_links":{"self":[{"href":"https:\/\/binary.ec\/SITE\/wp-json\/wp\/v2\/pages\/2345"}],"collection":[{"href":"https:\/\/binary.ec\/SITE\/wp-json\/wp\/v2\/pages"}],"about":[{"href":"https:\/\/binary.ec\/SITE\/wp-json\/wp\/v2\/types\/page"}],"author":[{"embeddable":true,"href":"https:\/\/binary.ec\/SITE\/wp-json\/wp\/v2\/users\/2"}],"replies":[{"embeddable":true,"href":"https:\/\/binary.ec\/SITE\/wp-json\/wp\/v2\/comments?post=2345"}],"version-history":[{"count":19,"href":"https:\/\/binary.ec\/SITE\/wp-json\/wp\/v2\/pages\/2345\/revisions"}],"predecessor-version":[{"id":2623,"href":"https:\/\/binary.ec\/SITE\/wp-json\/wp\/v2\/pages\/2345\/revisions\/2623"}],"wp:attachment":[{"href":"https:\/\/binary.ec\/SITE\/wp-json\/wp\/v2\/media?parent=2345"}],"curies":[{"name":"wp","href":"https:\/\/api.w.org\/{rel}","templated":true}]}}