{"id":2342,"date":"2016-08-01T13:14:48","date_gmt":"2016-08-01T18:14:48","guid":{"rendered":"http:\/\/binary.ec\/SITE\/?page_id=2342"},"modified":"2016-08-01T14:42:53","modified_gmt":"2016-08-01T19:42:53","slug":"servicio-de-qa","status":"publish","type":"page","link":"https:\/\/binary.ec\/SITE\/servicio-de-qa\/","title":{"rendered":"Servicio de QA"},"content":{"rendered":"<p style=\"text-align: justify;\"><img loading=\"lazy\" decoding=\"async\" class=\"aligncenter wp-image-2387 size-full\" src=\"http:\/\/binary.ec\/SITE\/wp-content\/uploads\/2016\/08\/servicio-QA.jpg\" alt=\"servicio-QA\" width=\"1200\" height=\"743\" srcset=\"https:\/\/binary.ec\/SITE\/wp-content\/uploads\/2016\/08\/servicio-QA.jpg 1200w, https:\/\/binary.ec\/SITE\/wp-content\/uploads\/2016\/08\/servicio-QA-300x186.jpg 300w, https:\/\/binary.ec\/SITE\/wp-content\/uploads\/2016\/08\/servicio-QA-768x476.jpg 768w, https:\/\/binary.ec\/SITE\/wp-content\/uploads\/2016\/08\/servicio-QA-1024x634.jpg 1024w\" sizes=\"(max-width: 1200px) 100vw, 1200px\" \/><\/p>\n<p style=\"text-align: justify;\"><span class=\"wpsdc-drop-cap\">E<\/span>l servicio de QA consiste en la revisi\u00f3n y certificaci\u00f3n del correcto funcionamiento de aplicaciones y sistemas, ya sea en un ambiente cerrado o interactuando con el resto del entorno en donde se instalar\u00e1, asegurando el cumplimiento del nivel de calidad esperado por el usuario.<br \/>\nEl objetivo fundamental es certificar en forma exhaustiva todas las funcionalidades del sistema y la integraci\u00f3n requerida con otras aplicaciones nuevas o antiguas que reciben o entregan informaci\u00f3n al sistema en certificaci\u00f3n.<br \/>\nLas pruebas van desde la verificaci\u00f3n del funcionamiento aislado para cada m\u00f3dulo, hasta la verificaci\u00f3n de los ciclos completos de las funcionalidades. \u00c9stas se realizan en un ambiente configurado y preparado espec\u00edficamente para el proyecto, que simule y se aproxime altamente al ambiente de producci\u00f3n final.<br \/>\nEsto se logra a trav\u00e9s de la ejecuci\u00f3n de pruebas funcionales, de ciclo cero, de no impacto, de c\u00f3digo, de seguridad, de rendimiento y de estr\u00e9s.<\/p>\n","protected":false},"excerpt":{"rendered":"El servicio de QA consiste en la revisi\u00f3n y certificaci\u00f3n del correcto funcionamiento de aplicaciones y sistemas, ya sea en un ambiente cerrado o interactuando con el resto del entorno en donde se instalar\u00e1, asegurando el cumplimiento del nivel de calidad esperado por el usuario. El objetivo fundamental es certificar en forma exhaustiva todas las funcionalidades del sistema y la&nbsp;<a href=\"https:\/\/binary.ec\/SITE\/servicio-de-qa\/\" class=\"read-more\">Seguir leyendo<\/a>","protected":false},"author":2,"featured_media":0,"parent":0,"menu_order":0,"comment_status":"closed","ping_status":"closed","template":"","meta":{"_mi_skip_tracking":false,"footnotes":""},"_links":{"self":[{"href":"https:\/\/binary.ec\/SITE\/wp-json\/wp\/v2\/pages\/2342"}],"collection":[{"href":"https:\/\/binary.ec\/SITE\/wp-json\/wp\/v2\/pages"}],"about":[{"href":"https:\/\/binary.ec\/SITE\/wp-json\/wp\/v2\/types\/page"}],"author":[{"embeddable":true,"href":"https:\/\/binary.ec\/SITE\/wp-json\/wp\/v2\/users\/2"}],"replies":[{"embeddable":true,"href":"https:\/\/binary.ec\/SITE\/wp-json\/wp\/v2\/comments?post=2342"}],"version-history":[{"count":4,"href":"https:\/\/binary.ec\/SITE\/wp-json\/wp\/v2\/pages\/2342\/revisions"}],"predecessor-version":[{"id":2390,"href":"https:\/\/binary.ec\/SITE\/wp-json\/wp\/v2\/pages\/2342\/revisions\/2390"}],"wp:attachment":[{"href":"https:\/\/binary.ec\/SITE\/wp-json\/wp\/v2\/media?parent=2342"}],"curies":[{"name":"wp","href":"https:\/\/api.w.org\/{rel}","templated":true}]}}