{"id":2338,"date":"2016-08-01T13:11:04","date_gmt":"2016-08-01T18:11:04","guid":{"rendered":"http:\/\/binary.ec\/SITE\/?page_id=2338"},"modified":"2016-08-01T16:12:31","modified_gmt":"2016-08-01T21:12:31","slug":"pos-bus","status":"publish","type":"page","link":"https:\/\/binary.ec\/SITE\/pos-bus\/","title":{"rendered":"Posicionamiento en Buscadores"},"content":{"rendered":"<p><img loading=\"lazy\" decoding=\"async\" class=\"aligncenter wp-image-2377 size-full\" src=\"http:\/\/binary.ec\/SITE\/wp-content\/uploads\/2016\/08\/posicionamiento-en-buscadores.jpg\" alt=\"posicionamiento-en-buscadores\" width=\"1200\" height=\"800\" srcset=\"https:\/\/binary.ec\/SITE\/wp-content\/uploads\/2016\/08\/posicionamiento-en-buscadores.jpg 1200w, https:\/\/binary.ec\/SITE\/wp-content\/uploads\/2016\/08\/posicionamiento-en-buscadores-300x200.jpg 300w, https:\/\/binary.ec\/SITE\/wp-content\/uploads\/2016\/08\/posicionamiento-en-buscadores-768x512.jpg 768w, https:\/\/binary.ec\/SITE\/wp-content\/uploads\/2016\/08\/posicionamiento-en-buscadores-1024x683.jpg 1024w\" sizes=\"(max-width: 1200px) 100vw, 1200px\" \/><\/p>\n<span class=\"wpsdc-drop-cap\">E<\/span>l posicionamiento en buscadores u optimizaci\u00f3n en motores de b\u00fasqueda es el conjunto de t\u00e9cnicas que sirven para posicionar o mejorar la visibilidad de un sitio web en los resultados org\u00e1nicos de los diferentes buscadores. Tambi\u00e9n es frecuente nombrarlo por su t\u00edtulo ingl\u00e9s, SEO (Search Engine Optimization).<\/p>\n<p>Binary cuenta con profesionales especializados en lograr el objetivo de posicionar tu marca en los diferentes buscadores, sea de manera natural o con el desarrollo de una estrategia artificial a largo plazo.<\/p>\n<p>&nbsp;<\/p>\n<h4 style=\"text-align: center;\"><a>\u201cTener una estrategia SEO, es tener un vendedor que nunca duerme\u201d <\/a><\/h4>\n","protected":false},"excerpt":{"rendered":"El posicionamiento en buscadores u optimizaci\u00f3n en motores de b\u00fasqueda es el conjunto de t\u00e9cnicas que sirven para posicionar o mejorar la visibilidad de un sitio web en los resultados org\u00e1nicos de los diferentes buscadores. Tambi\u00e9n es frecuente nombrarlo por su t\u00edtulo ingl\u00e9s, SEO (Search Engine Optimization). Binary cuenta con profesionales especializados en lograr el objetivo de posicionar tu marca&nbsp;<a href=\"https:\/\/binary.ec\/SITE\/pos-bus\/\" class=\"read-more\">Seguir leyendo<\/a>","protected":false},"author":2,"featured_media":0,"parent":0,"menu_order":0,"comment_status":"closed","ping_status":"closed","template":"","meta":{"_mi_skip_tracking":false,"footnotes":""},"_links":{"self":[{"href":"https:\/\/binary.ec\/SITE\/wp-json\/wp\/v2\/pages\/2338"}],"collection":[{"href":"https:\/\/binary.ec\/SITE\/wp-json\/wp\/v2\/pages"}],"about":[{"href":"https:\/\/binary.ec\/SITE\/wp-json\/wp\/v2\/types\/page"}],"author":[{"embeddable":true,"href":"https:\/\/binary.ec\/SITE\/wp-json\/wp\/v2\/users\/2"}],"replies":[{"embeddable":true,"href":"https:\/\/binary.ec\/SITE\/wp-json\/wp\/v2\/comments?post=2338"}],"version-history":[{"count":5,"href":"https:\/\/binary.ec\/SITE\/wp-json\/wp\/v2\/pages\/2338\/revisions"}],"predecessor-version":[{"id":2414,"href":"https:\/\/binary.ec\/SITE\/wp-json\/wp\/v2\/pages\/2338\/revisions\/2414"}],"wp:attachment":[{"href":"https:\/\/binary.ec\/SITE\/wp-json\/wp\/v2\/media?parent=2338"}],"curies":[{"name":"wp","href":"https:\/\/api.w.org\/{rel}","templated":true}]}}