{"id":2311,"date":"2016-08-01T12:11:46","date_gmt":"2016-08-01T17:11:46","guid":{"rendered":"http:\/\/binary.ec\/SITE\/?page_id=2311"},"modified":"2016-08-01T14:41:00","modified_gmt":"2016-08-01T19:41:00","slug":"desarrollo","status":"publish","type":"page","link":"https:\/\/binary.ec\/SITE\/desarrollo\/","title":{"rendered":"Desarrollo Web de Software a Medida"},"content":{"rendered":"<p><img loading=\"lazy\" decoding=\"async\" class=\"aligncenter wp-image-2363 size-full\" src=\"http:\/\/binary.ec\/SITE\/wp-content\/uploads\/2016\/08\/desarrollo-software-a-medida.jpg\" alt=\"desarrollo-software-a-medida\" width=\"1191\" height=\"600\" srcset=\"https:\/\/binary.ec\/SITE\/wp-content\/uploads\/2016\/08\/desarrollo-software-a-medida.jpg 1191w, https:\/\/binary.ec\/SITE\/wp-content\/uploads\/2016\/08\/desarrollo-software-a-medida-300x151.jpg 300w, https:\/\/binary.ec\/SITE\/wp-content\/uploads\/2016\/08\/desarrollo-software-a-medida-768x387.jpg 768w, https:\/\/binary.ec\/SITE\/wp-content\/uploads\/2016\/08\/desarrollo-software-a-medida-1024x516.jpg 1024w, https:\/\/binary.ec\/SITE\/wp-content\/uploads\/2016\/08\/desarrollo-software-a-medida-100x50.jpg 100w\" sizes=\"(max-width: 1191px) 100vw, 1191px\" \/><\/p>\n<p style=\"text-align: justify;\"><span class=\"wpsdc-drop-cap\">E<\/span>l desarrollo a medida configura una serie de metodolog\u00edas orientadas a cubrir las necesidades espec\u00edficas de los procesos operativos, productivos, administrativos, financieros, etc. de los clientes, lo cual permite la optimizaci\u00f3n y mejoramiento de los mismos, elimina el trabajo manual y por lo tanto minimiza errores y demoras.<\/p>\n<p style=\"text-align: justify;\">Desarrollamos aplicaciones a medida en aspectos tan variados como Portales, Intranets, ERP, CRM, Botones de Pago, Banca en L\u00ednea; todo con contenido responsive.<\/p>\n<h4 style=\"text-align: center;\"><a>\u201c\u00a1El control de tu empresa en tus manos las 24 horas del d\u00eda los 365 d\u00edas del a\u00f1o\u00a1\u201d<\/a><\/h4>\n","protected":false},"excerpt":{"rendered":"El desarrollo a medida configura una serie de metodolog\u00edas orientadas a cubrir las necesidades espec\u00edficas de los procesos operativos, productivos, administrativos, financieros, etc. de los clientes, lo cual permite la optimizaci\u00f3n y mejoramiento de los mismos, elimina el trabajo manual y por lo tanto minimiza errores y demoras. Desarrollamos aplicaciones a medida en aspectos tan variados como Portales, Intranets, ERP,&nbsp;<a href=\"https:\/\/binary.ec\/SITE\/desarrollo\/\" class=\"read-more\">Seguir leyendo<\/a>","protected":false},"author":2,"featured_media":0,"parent":0,"menu_order":0,"comment_status":"closed","ping_status":"closed","template":"","meta":{"_mi_skip_tracking":false,"footnotes":""},"_links":{"self":[{"href":"https:\/\/binary.ec\/SITE\/wp-json\/wp\/v2\/pages\/2311"}],"collection":[{"href":"https:\/\/binary.ec\/SITE\/wp-json\/wp\/v2\/pages"}],"about":[{"href":"https:\/\/binary.ec\/SITE\/wp-json\/wp\/v2\/types\/page"}],"author":[{"embeddable":true,"href":"https:\/\/binary.ec\/SITE\/wp-json\/wp\/v2\/users\/2"}],"replies":[{"embeddable":true,"href":"https:\/\/binary.ec\/SITE\/wp-json\/wp\/v2\/comments?post=2311"}],"version-history":[{"count":12,"href":"https:\/\/binary.ec\/SITE\/wp-json\/wp\/v2\/pages\/2311\/revisions"}],"predecessor-version":[{"id":2393,"href":"https:\/\/binary.ec\/SITE\/wp-json\/wp\/v2\/pages\/2311\/revisions\/2393"}],"wp:attachment":[{"href":"https:\/\/binary.ec\/SITE\/wp-json\/wp\/v2\/media?parent=2311"}],"curies":[{"name":"wp","href":"https:\/\/api.w.org\/{rel}","templated":true}]}}