{"id":2305,"date":"2016-08-01T11:56:59","date_gmt":"2016-08-01T16:56:59","guid":{"rendered":"http:\/\/binary.ec\/SITE\/?page_id=2305"},"modified":"2016-08-01T14:58:52","modified_gmt":"2016-08-01T19:58:52","slug":"administracion-de-proyectos","status":"publish","type":"page","link":"https:\/\/binary.ec\/SITE\/administracion-de-proyectos\/","title":{"rendered":"Administraci\u00f3n de Proyectos"},"content":{"rendered":"<p style=\"text-align: justify;\"><img loading=\"lazy\" decoding=\"async\" class=\"aligncenter wp-image-2410 size-full\" src=\"http:\/\/binary.ec\/SITE\/wp-content\/uploads\/2016\/08\/administraci\u00f3n-de-proyectos.jpg\" alt=\"administraci\u00f3n-de-proyectos\" width=\"1000\" height=\"627\" srcset=\"https:\/\/binary.ec\/SITE\/wp-content\/uploads\/2016\/08\/administraci\u00f3n-de-proyectos.jpg 1000w, https:\/\/binary.ec\/SITE\/wp-content\/uploads\/2016\/08\/administraci\u00f3n-de-proyectos-300x188.jpg 300w, https:\/\/binary.ec\/SITE\/wp-content\/uploads\/2016\/08\/administraci\u00f3n-de-proyectos-768x482.jpg 768w\" sizes=\"(max-width: 1000px) 100vw, 1000px\" \/><\/p>\n<p style=\"text-align: justify;\"><span class=\"wpsdc-drop-cap\">E<\/span>l Project Management es una disciplina que abarca la organizaci\u00f3n, el planeamiento, la motivaci\u00f3n y el control de los recursos con la finalidad de alcanzar los objetivos propuestos para lograr el \u00e9xito en uno o varios proyectos dentro de las limitaciones establecidas. Estas limitaciones suelen ser el alcance, el tiempo, la calidad y el presupuesto.<\/p>\n<p style=\"text-align: justify;\">Aceleramos el tiempo del ROI (Return On Investment) con la experiencia en servicio y las comprobadas metodolog\u00edas de Binary Sistemas. Analistas, arquitectos y consultores certificados dise\u00f1ar\u00e1n, implementar\u00e1n y optimizar\u00e1n soluciones escalables, adaptadas a tus necesidades operativas y de TI.<\/p>\n<h4 style=\"text-align: center;\"><a>\u201cEs el preoceso de convertir una visi\u00f3n en realidad\u201d<\/a><\/h4>\n","protected":false},"excerpt":{"rendered":"El Project Management es una disciplina que abarca la organizaci\u00f3n, el planeamiento, la motivaci\u00f3n y el control de los recursos con la finalidad de alcanzar los objetivos propuestos para lograr el \u00e9xito en uno o varios proyectos dentro de las limitaciones establecidas. Estas limitaciones suelen ser el alcance, el tiempo, la calidad y el presupuesto. Aceleramos el tiempo del ROI&nbsp;<a href=\"https:\/\/binary.ec\/SITE\/administracion-de-proyectos\/\" class=\"read-more\">Seguir leyendo<\/a>","protected":false},"author":2,"featured_media":0,"parent":0,"menu_order":0,"comment_status":"closed","ping_status":"closed","template":"","meta":{"_mi_skip_tracking":false,"footnotes":""},"_links":{"self":[{"href":"https:\/\/binary.ec\/SITE\/wp-json\/wp\/v2\/pages\/2305"}],"collection":[{"href":"https:\/\/binary.ec\/SITE\/wp-json\/wp\/v2\/pages"}],"about":[{"href":"https:\/\/binary.ec\/SITE\/wp-json\/wp\/v2\/types\/page"}],"author":[{"embeddable":true,"href":"https:\/\/binary.ec\/SITE\/wp-json\/wp\/v2\/users\/2"}],"replies":[{"embeddable":true,"href":"https:\/\/binary.ec\/SITE\/wp-json\/wp\/v2\/comments?post=2305"}],"version-history":[{"count":15,"href":"https:\/\/binary.ec\/SITE\/wp-json\/wp\/v2\/pages\/2305\/revisions"}],"predecessor-version":[{"id":2369,"href":"https:\/\/binary.ec\/SITE\/wp-json\/wp\/v2\/pages\/2305\/revisions\/2369"}],"wp:attachment":[{"href":"https:\/\/binary.ec\/SITE\/wp-json\/wp\/v2\/media?parent=2305"}],"curies":[{"name":"wp","href":"https:\/\/api.w.org\/{rel}","templated":true}]}}