{"id":2299,"date":"2016-08-01T11:52:47","date_gmt":"2016-08-01T16:52:47","guid":{"rendered":"http:\/\/binary.ec\/SITE\/?page_id=2299"},"modified":"2018-12-11T19:52:13","modified_gmt":"2018-12-12T00:52:13","slug":"marketing-digital","status":"publish","type":"page","link":"https:\/\/binary.ec\/SITE\/marketing-digital\/","title":{"rendered":"Marketing Digital"},"content":{"rendered":"<p style=\"text-align: justify;\"><img loading=\"lazy\" decoding=\"async\" class=\"aligncenter wp-image-2374 size-full\" src=\"http:\/\/binary.ec\/SITE\/wp-content\/uploads\/2016\/08\/marketing-digital.jpg\" alt=\"marketing-digital\" width=\"1200\" height=\"800\" srcset=\"https:\/\/binary.ec\/SITE\/wp-content\/uploads\/2016\/08\/marketing-digital.jpg 1200w, https:\/\/binary.ec\/SITE\/wp-content\/uploads\/2016\/08\/marketing-digital-300x200.jpg 300w, https:\/\/binary.ec\/SITE\/wp-content\/uploads\/2016\/08\/marketing-digital-768x512.jpg 768w, https:\/\/binary.ec\/SITE\/wp-content\/uploads\/2016\/08\/marketing-digital-1024x683.jpg 1024w\" sizes=\"(max-width: 1200px) 100vw, 1200px\" \/><\/p>\n<p style=\"text-align: justify;\"><span class=\"wpsdc-drop-cap\">E<\/span>l marketing digital es b\u00e1sicamente la determinaci\u00f3n de los canales adecuados y estrategias aplicadas al uso eficiente de internet y las redes sociales (medios digitales) con el objetivo de mejorar la presencia de productos y servicios en el mercado, lo cual al mediano plazo se deber\u00eda traducir en mejora de la comercializaci\u00f3n de los mismos y la recuperaci\u00f3n de la inversi\u00f3n (ROI).<\/p>\n<p style=\"text-align: justify;\">Promovemos tu producto o servicio con las mejores estrategias de Marketing Digital. Dise\u00f1amos, planificamos y ejecutamos las mejores campa\u00f1as de publicidad digital para tu empresa en redes sociales. Esta es la opci\u00f3n m\u00e1s efectiva y econ\u00f3mica.<\/p>\n","protected":false},"excerpt":{"rendered":"El marketing digital es b\u00e1sicamente la determinaci\u00f3n de los canales adecuados y estrategias aplicadas al uso eficiente de internet y las redes sociales (medios digitales) con el objetivo de mejorar la presencia de productos y servicios en el mercado, lo cual al mediano plazo se deber\u00eda traducir en mejora de la comercializaci\u00f3n de los mismos y la recuperaci\u00f3n de la&nbsp;<a href=\"https:\/\/binary.ec\/SITE\/marketing-digital\/\" class=\"read-more\">Seguir leyendo<\/a>","protected":false},"author":2,"featured_media":0,"parent":0,"menu_order":0,"comment_status":"closed","ping_status":"closed","template":"","meta":{"_mi_skip_tracking":false,"footnotes":""},"_links":{"self":[{"href":"https:\/\/binary.ec\/SITE\/wp-json\/wp\/v2\/pages\/2299"}],"collection":[{"href":"https:\/\/binary.ec\/SITE\/wp-json\/wp\/v2\/pages"}],"about":[{"href":"https:\/\/binary.ec\/SITE\/wp-json\/wp\/v2\/types\/page"}],"author":[{"embeddable":true,"href":"https:\/\/binary.ec\/SITE\/wp-json\/wp\/v2\/users\/2"}],"replies":[{"embeddable":true,"href":"https:\/\/binary.ec\/SITE\/wp-json\/wp\/v2\/comments?post=2299"}],"version-history":[{"count":8,"href":"https:\/\/binary.ec\/SITE\/wp-json\/wp\/v2\/pages\/2299\/revisions"}],"predecessor-version":[{"id":2625,"href":"https:\/\/binary.ec\/SITE\/wp-json\/wp\/v2\/pages\/2299\/revisions\/2625"}],"wp:attachment":[{"href":"https:\/\/binary.ec\/SITE\/wp-json\/wp\/v2\/media?parent=2299"}],"curies":[{"name":"wp","href":"https:\/\/api.w.org\/{rel}","templated":true}]}}