{"id":2281,"date":"2016-08-01T11:15:09","date_gmt":"2016-08-01T16:15:09","guid":{"rendered":"http:\/\/binary.ec\/SITE\/?page_id=2281"},"modified":"2016-08-01T14:46:00","modified_gmt":"2016-08-01T19:46:00","slug":"social-media","status":"publish","type":"page","link":"https:\/\/binary.ec\/SITE\/social-media\/","title":{"rendered":"Social Media"},"content":{"rendered":"<p style=\"text-align: justify;\"><img loading=\"lazy\" decoding=\"async\" class=\"wp-image-2400 size-full aligncenter\" src=\"http:\/\/binary.ec\/SITE\/wp-content\/uploads\/2016\/08\/social-media-1.jpg\" alt=\"social-media\" width=\"1200\" height=\"855\" srcset=\"https:\/\/binary.ec\/SITE\/wp-content\/uploads\/2016\/08\/social-media-1.jpg 1200w, https:\/\/binary.ec\/SITE\/wp-content\/uploads\/2016\/08\/social-media-1-300x214.jpg 300w, https:\/\/binary.ec\/SITE\/wp-content\/uploads\/2016\/08\/social-media-1-768x547.jpg 768w, https:\/\/binary.ec\/SITE\/wp-content\/uploads\/2016\/08\/social-media-1-1024x730.jpg 1024w\" sizes=\"(max-width: 1200px) 100vw, 1200px\" \/><\/p>\n<p style=\"text-align: justify;\"><span class=\"wpsdc-drop-cap\">L<\/span>os medios sociales son ricos en la influencia y la interacci\u00f3n entre pares y con una audiencia p\u00fablica que es cada vez m\u00e1s inteligente y participativa. El medio social es un conjunto de plataformas digitales que ampl\u00eda el impacto del boca a boca y tambi\u00e9n lo hace medible y, por tanto, rentabilizable por medio de la mercadotecnia de medios sociales y el CRM social.<\/p>\n<p style=\"text-align: justify;\">En Binary nos encargamos de construir, gestionar y administrar la comunidad online alrededor de tu marca en Internet creando y manteniendo relaciones estables y duraderas con tus clientes, tus fans y, en general, cualquier usuario interesado en la marca.<\/p>\n<p>&nbsp;<\/p>\n","protected":false},"excerpt":{"rendered":"Los medios sociales son ricos en la influencia y la interacci\u00f3n entre pares y con una audiencia p\u00fablica que es cada vez m\u00e1s inteligente y participativa. El medio social es un conjunto de plataformas digitales que ampl\u00eda el impacto del boca a boca y tambi\u00e9n lo hace medible y, por tanto, rentabilizable por medio de la mercadotecnia de medios sociales&nbsp;<a href=\"https:\/\/binary.ec\/SITE\/social-media\/\" class=\"read-more\">Seguir leyendo<\/a>","protected":false},"author":2,"featured_media":0,"parent":0,"menu_order":0,"comment_status":"closed","ping_status":"closed","template":"","meta":{"_mi_skip_tracking":false,"footnotes":""},"_links":{"self":[{"href":"https:\/\/binary.ec\/SITE\/wp-json\/wp\/v2\/pages\/2281"}],"collection":[{"href":"https:\/\/binary.ec\/SITE\/wp-json\/wp\/v2\/pages"}],"about":[{"href":"https:\/\/binary.ec\/SITE\/wp-json\/wp\/v2\/types\/page"}],"author":[{"embeddable":true,"href":"https:\/\/binary.ec\/SITE\/wp-json\/wp\/v2\/users\/2"}],"replies":[{"embeddable":true,"href":"https:\/\/binary.ec\/SITE\/wp-json\/wp\/v2\/comments?post=2281"}],"version-history":[{"count":7,"href":"https:\/\/binary.ec\/SITE\/wp-json\/wp\/v2\/pages\/2281\/revisions"}],"predecessor-version":[{"id":2401,"href":"https:\/\/binary.ec\/SITE\/wp-json\/wp\/v2\/pages\/2281\/revisions\/2401"}],"wp:attachment":[{"href":"https:\/\/binary.ec\/SITE\/wp-json\/wp\/v2\/media?parent=2281"}],"curies":[{"name":"wp","href":"https:\/\/api.w.org\/{rel}","templated":true}]}}