{"id":203,"date":"2011-09-14T09:45:02","date_gmt":"2011-09-14T09:45:02","guid":{"rendered":"http:\/\/binary.ec\/SITE\/"},"modified":"2024-03-20T16:54:20","modified_gmt":"2024-03-20T21:54:20","slug":"home","status":"publish","type":"page","link":"https:\/\/binary.ec\/SITE\/","title":{"rendered":"Inicio"},"content":{"rendered":"\n<div class=\"wp-block-columns is-layout-flex wp-container-core-columns-is-layout-4 wp-block-columns-is-layout-flex\">\n<div class=\"wp-block-column is-layout-flow wp-block-column-is-layout-flow\">\n<div class=\"wp-block-columns is-layout-flex wp-container-core-columns-is-layout-1 wp-block-columns-is-layout-flex\">\n<div class=\"wp-block-column is-layout-flow wp-block-column-is-layout-flow\"><div class=\"inicio-box\">\n<h2 style=\"text-align: center;\"><a href=\"https:\/\/binary.ec\/SITE\/about\" data-wplink-edit=\"true\">Empresa de Confianza<\/a><\/h2>\n<p style=\"text-align: justify;\">Binary Sistemas es una empresa joven, en la cual desde un inicio hemos adoptado una visi\u00f3n de liderazgo en soluciones de Tecnolog\u00eda y Proyectos, siempre bas\u00e1ndonos en las mejores pr\u00e1cticas para elaborar nuestras metodolog\u00edas y as\u00ed garantizar la calidad en el servicio.<\/p>\n<p style=\"text-align: justify;\">Nuestro equipo de trabajo integra experiencias laborales de dise\u00f1o, instalaci\u00f3n, administraci\u00f3n, soporte y desarrollo en empresas de primer nivel.<\/p>\n<\/div>\n<\/div>\n\n\n\n<div class=\"wp-block-column is-layout-flow wp-block-column-is-layout-flow\">\n<figure class=\"wp-block-image size-large animated fadeInRight\"><img loading=\"lazy\" decoding=\"async\" width=\"1024\" height=\"683\" src=\"https:\/\/binary.ec\/SITE\/wp-content\/uploads\/2016\/02\/Depositphotos_4767266_original-1024x683.jpg\" alt=\"\" class=\"wp-image-1948\" style=\"aspect-ratio:4\/3;object-fit:cover\" srcset=\"https:\/\/binary.ec\/SITE\/wp-content\/uploads\/2016\/02\/Depositphotos_4767266_original-1024x683.jpg 1024w, https:\/\/binary.ec\/SITE\/wp-content\/uploads\/2016\/02\/Depositphotos_4767266_original-300x200.jpg 300w, https:\/\/binary.ec\/SITE\/wp-content\/uploads\/2016\/02\/Depositphotos_4767266_original-768x512.jpg 768w, https:\/\/binary.ec\/SITE\/wp-content\/uploads\/2016\/02\/Depositphotos_4767266_original.jpg 1170w\" sizes=\"(max-width: 1024px) 100vw, 1024px\" \/><\/figure>\n<\/div>\n<\/div>\n\n\n\n<div class=\"wp-block-columns is-layout-flex wp-container-core-columns-is-layout-2 wp-block-columns-is-layout-flex\">\n<div class=\"wp-block-column is-layout-flow wp-block-column-is-layout-flow\">\n<figure class=\"wp-block-image size-full animated fadeInLeft delay-200ms\"><img loading=\"lazy\" decoding=\"async\" width=\"372\" height=\"386\" src=\"https:\/\/binary.ec\/SITE\/wp-content\/uploads\/2024\/03\/binary1-1.png\" alt=\"\" class=\"wp-image-2802\" srcset=\"https:\/\/binary.ec\/SITE\/wp-content\/uploads\/2024\/03\/binary1-1.png 372w, https:\/\/binary.ec\/SITE\/wp-content\/uploads\/2024\/03\/binary1-1-289x300.png 289w\" sizes=\"(max-width: 372px) 100vw, 372px\" \/><\/figure>\n<\/div>\n\n\n\n<div class=\"wp-block-column is-layout-flow wp-block-column-is-layout-flow\">\n<figure class=\"wp-block-image size-full animated fadeInDown delay-200ms\"><img loading=\"lazy\" decoding=\"async\" width=\"372\" height=\"385\" src=\"https:\/\/binary.ec\/SITE\/wp-content\/uploads\/2024\/03\/binary2.png\" alt=\"\" class=\"wp-image-2794\" srcset=\"https:\/\/binary.ec\/SITE\/wp-content\/uploads\/2024\/03\/binary2.png 372w, https:\/\/binary.ec\/SITE\/wp-content\/uploads\/2024\/03\/binary2-290x300.png 290w\" sizes=\"(max-width: 372px) 100vw, 372px\" \/><\/figure>\n<\/div>\n\n\n\n<div class=\"wp-block-column is-layout-flow wp-block-column-is-layout-flow\">\n<figure class=\"wp-block-image size-full animated fadeInRight delay-200ms\"><img loading=\"lazy\" decoding=\"async\" width=\"370\" height=\"384\" src=\"https:\/\/binary.ec\/SITE\/wp-content\/uploads\/2024\/03\/binary3.png\" alt=\"\" class=\"wp-image-2795\" srcset=\"https:\/\/binary.ec\/SITE\/wp-content\/uploads\/2024\/03\/binary3.png 370w, https:\/\/binary.ec\/SITE\/wp-content\/uploads\/2024\/03\/binary3-289x300.png 289w\" sizes=\"(max-width: 370px) 100vw, 370px\" \/><\/figure>\n<\/div>\n<\/div>\n\n\n\n<div class=\"wp-block-columns is-layout-flex wp-container-core-columns-is-layout-3 wp-block-columns-is-layout-flex\">\n<div class=\"wp-block-column is-layout-flow wp-block-column-is-layout-flow\">\n<figure class=\"wp-block-image size-large animated fadeInLeft\"><img loading=\"lazy\" decoding=\"async\" width=\"1024\" height=\"481\" src=\"https:\/\/binary.ec\/SITE\/wp-content\/uploads\/2024\/03\/Depositphotos_7712645_original-1-1024x481.jpg\" alt=\"\" class=\"wp-image-2818\" style=\"aspect-ratio:4\/3;object-fit:cover\" srcset=\"https:\/\/binary.ec\/SITE\/wp-content\/uploads\/2024\/03\/Depositphotos_7712645_original-1-1024x481.jpg 1024w, https:\/\/binary.ec\/SITE\/wp-content\/uploads\/2024\/03\/Depositphotos_7712645_original-1-300x141.jpg 300w, https:\/\/binary.ec\/SITE\/wp-content\/uploads\/2024\/03\/Depositphotos_7712645_original-1-768x361.jpg 768w, https:\/\/binary.ec\/SITE\/wp-content\/uploads\/2024\/03\/Depositphotos_7712645_original-1.jpg 1170w\" sizes=\"(max-width: 1024px) 100vw, 1024px\" \/><\/figure>\n<\/div>\n\n\n\n<div class=\"wp-block-column is-layout-flow wp-block-column-is-layout-flow\"><div class=\"inicio-box1\">\n<h2 style=\"text-align: center;\">Perm\u00edtenos hacer la diferencia en el dise\u00f1o de tu web<\/h2>\n<p style=\"text-align: center;\">Nuestros dise\u00f1adores web comprenden perfectamente que el sitio online no es solo \"no faltar en la web\", sino una herramienta que se acopla perfectamente con los lineamientos culturales de la entidad que representa.<\/p>\n<\/div>\n<\/div>\n<\/div>\n\n\n<div class=\"row \">\n<div class=\"span12 \"><section class=\"parallax-box image-parallax-box \" ><div class=\"parallax-content\">\n<p style=\"text-align: left;\"><div class=\"title-box clearfix \"><h2 class=\"title-box_primary\">24\/7<br \/>\nCommunity Manager<\/h2><h3 class=\"title-box_secondary\">servicio profesional<\/h3><\/div><!-- \/\/.title-box -->\n<div class=\"clear\"><\/div><\/div><div class=\"parallax-bg\" data-parallax-type=\"image\" data-img-url=\"http:\/\/binary.ec\/SITE\/wp-content\/uploads\/2016\/02\/slider-img3.jpg\" data-speed=\"hight\" data-invert=\"false\" ><\/div><\/section>\n<div class=\"content_box  \">\n<div class=\"hashAncor\" id=\"portfolioPage\"><\/div>\n<div class=\"portfolio-shortcode \"><div class=\"portfolio_wrapper\" data-columns=\"4\"><div class=\"portfolio-item portfolio-item-1  marketing-digital website\"><figure class=\"thumbnail\"><a href=\"https:\/\/binary.ec\/SITE\/wp-content\/uploads\/2020\/09\/binary_diagen_web.png\" title=\"Diagen &#8211; Sitio WEB\" ><div class=\"enlarge-icon\"><\/div><img decoding=\"async\" src=\"https:\/\/binary.ec\/SITE\/wp-content\/uploads\/2020\/09\/binary_diagen_web-750x750.png\" alt=\"\" \/><\/a><\/figure><\/div><div class=\"portfolio-item portfolio-item-2  website\"><figure class=\"thumbnail\"><a href=\"https:\/\/binary.ec\/SITE\/wp-content\/uploads\/2017\/01\/Portafolio-web-cia-sancarlos.jpg\" title=\"Compa\u00f1\u00eda Trans San Carlos &#8211; WEB\" ><div class=\"enlarge-icon\"><\/div><img decoding=\"async\" src=\"https:\/\/binary.ec\/SITE\/wp-content\/uploads\/2017\/01\/Portafolio-web-cia-sancarlos-750x750.jpg\" alt=\"\" \/><\/a><\/figure><\/div><div class=\"portfolio-item portfolio-item-3  marketing-digital\"><figure class=\"thumbnail\"><a href=\"https:\/\/binary.ec\/SITE\/wp-content\/uploads\/2017\/01\/Portafolio-facebook-bougie.jpg\" title=\"Bougie &#8211; Fan Page\" ><div class=\"enlarge-icon\"><\/div><img decoding=\"async\" src=\"https:\/\/binary.ec\/SITE\/wp-content\/uploads\/2017\/01\/Portafolio-facebook-bougie-750x750.jpg\" alt=\"\" \/><\/a><\/figure><\/div><div class=\"portfolio-item portfolio-item-4  desarrollo-a-medida\"><figure class=\"thumbnail\"><a href=\"https:\/\/binary.ec\/SITE\/wp-content\/uploads\/2016\/10\/sistema-academico-lendan.jpg\" title=\"Sistema Acad\u00e9mico &#8211; Desarrollo a Medida\" ><div class=\"enlarge-icon\"><\/div><img decoding=\"async\" src=\"https:\/\/binary.ec\/SITE\/wp-content\/uploads\/2016\/10\/sistema-academico-lendan-750x750.jpg\" alt=\"\" \/><\/a><\/figure><\/div><div class=\"portfolio-item portfolio-item-5  website\"><figure class=\"thumbnail\"><a href=\"https:\/\/binary.ec\/SITE\/wp-content\/uploads\/2016\/10\/Portafolio-web-reliance.jpg\" title=\"Reliance &#8211; WEB\" ><div class=\"enlarge-icon\"><\/div><img decoding=\"async\" src=\"https:\/\/binary.ec\/SITE\/wp-content\/uploads\/2016\/10\/Portafolio-web-reliance-750x750.jpg\" alt=\"\" \/><\/a><\/figure><\/div><div class=\"portfolio-item portfolio-item-6  website\"><figure class=\"thumbnail\"><a href=\"https:\/\/binary.ec\/SITE\/wp-content\/uploads\/2016\/10\/Portafolio-web-conludica.jpg\" title=\"Conludica &#8211; WEB\" ><div class=\"enlarge-icon\"><\/div><img decoding=\"async\" src=\"https:\/\/binary.ec\/SITE\/wp-content\/uploads\/2016\/10\/Portafolio-web-conludica-750x750.jpg\" alt=\"\" \/><\/a><\/figure><\/div><div class=\"portfolio-item portfolio-item-7  website\"><figure class=\"thumbnail\"><a href=\"https:\/\/binary.ec\/SITE\/wp-content\/uploads\/2016\/08\/Portafolio-web-ica.jpg\" title=\"Ica &#8211; WEB\" ><div class=\"enlarge-icon\"><\/div><img decoding=\"async\" src=\"https:\/\/binary.ec\/SITE\/wp-content\/uploads\/2016\/08\/Portafolio-web-ica-750x750.jpg\" alt=\"\" \/><\/a><\/figure><\/div><div class=\"portfolio-item portfolio-more-button\"><a href=\"https:\/\/binary.ec\/SITE\/portfolio\"><div class=\"child\">Ver todos los proyectos<\/div><div class=\"helper\"><\/div><\/a><\/div><\/div><\/div>\n<div class=\"clear\"><\/div><\/div><!-- .content_box (end) -->\n<div class=\"hashAncor\" id=\"blogPage\"><\/div>\n<div class=\"blog-shortcode \"><div class=\"blog-item orientation-to-left\"><div class=\"blog-item-content-block\"><div class=\"meta\"><span class=\"blog-item-date-day\">15<\/span><span class=\"blog-item-date-month\">enero<\/span><\/div><h4 class=\"blog-item-title\"><a href=\"https:\/\/binary.ec\/SITE\/coding\/tendencias-de-desarrollo-de-software-para-el-2024\/\" title=\"Tendencias de Desarrollo de Software para el 2024\">Tendencias de Desarrollo de Software para el 2024<\/a><\/h4><div class=\"excerpt\">El mundo del desarrollo de software est\u00e1 en constante evoluci\u00f3n, y el 2024 no es la excepci\u00f3n. Aqu\u00ed exploramos algunas... <\/div><\/div><a href=\"https:\/\/binary.ec\/SITE\/coding\/tendencias-de-desarrollo-de-software-para-el-2024\/\" title=\"Tendencias de Desarrollo de Software para el 2024\" class=\"blog-item-image-block\"><div class=\"blog-item-image\" style=\"background-image: url(https:\/\/binary.ec\/SITE\/wp-content\/uploads\/2024\/01\/binary_articulo_tecnologia-scaled-570x370.jpg);\"><\/div><\/a><\/div><div class=\"blog-item orientation-to-right\"><div class=\"blog-item-content-block\"><div class=\"meta\"><span class=\"blog-item-date-day\">4<\/span><span class=\"blog-item-date-month\">enero<\/span><\/div><h4 class=\"blog-item-title\"><a href=\"https:\/\/binary.ec\/SITE\/actualidad\/tendencias-del-marketing-digital-para-el-2024\/\" title=\"Tendencias del Marketing Digital para el 2024\">Tendencias del Marketing Digital para el 2024<\/a><\/h4><div class=\"excerpt\">En el umbral del 2024, el mundo del Marketing Digital se encuentra en un estado de transformaci\u00f3n constante y emocionante.... <\/div><\/div><a href=\"https:\/\/binary.ec\/SITE\/actualidad\/tendencias-del-marketing-digital-para-el-2024\/\" title=\"Tendencias del Marketing Digital para el 2024\" class=\"blog-item-image-block\"><div class=\"blog-item-image\" style=\"background-image: url(https:\/\/binary.ec\/SITE\/wp-content\/uploads\/2024\/01\/marketing_digital_binary-scaled-570x370.jpg);\"><\/div><\/a><\/div><\/div><\/div>\n<\/div><!-- .row (end) -->\n<\/div>\n<\/div>\n\n\n\n<div class=\"wp-block-columns is-layout-flex wp-container-core-columns-is-layout-5 wp-block-columns-is-layout-flex\">\n<div class=\"wp-block-column is-layout-flow wp-block-column-is-layout-flow\"><\/div>\n\n\n\n<div class=\"wp-block-column is-layout-flow wp-block-column-is-layout-flow\"><\/div>\n<\/div>\n","protected":false},"excerpt":{"rendered":"En el umbral del 2024, el mundo del Marketing Digital se encuentra en un estado de transformaci\u00f3n constante y emocionante. Impulsadas por avances tecnol\u00f3gicos y cambios en el comportamiento del consumidor, las estrategias de marketing digital est\u00e1n evolucionando para adaptarse a un paisaje que es cada vez m\u00e1s innovador y centrado en el usuario. Este art\u00edculo explorar\u00e1 las 7 tendencias&nbsp;<a href=\"https:\/\/binary.ec\/SITE\/actualidad\/tendencias-del-marketing-digital-para-el-2024\/\" class=\"read-more\">Seguir leyendo<\/a>","protected":false},"author":2,"featured_media":0,"parent":0,"menu_order":0,"comment_status":"open","ping_status":"closed","template":"page-home.php","meta":{"_mi_skip_tracking":false,"footnotes":""},"_links":{"self":[{"href":"https:\/\/binary.ec\/SITE\/wp-json\/wp\/v2\/pages\/203"}],"collection":[{"href":"https:\/\/binary.ec\/SITE\/wp-json\/wp\/v2\/pages"}],"about":[{"href":"https:\/\/binary.ec\/SITE\/wp-json\/wp\/v2\/types\/page"}],"author":[{"embeddable":true,"href":"https:\/\/binary.ec\/SITE\/wp-json\/wp\/v2\/users\/2"}],"replies":[{"embeddable":true,"href":"https:\/\/binary.ec\/SITE\/wp-json\/wp\/v2\/comments?post=203"}],"version-history":[{"count":127,"href":"https:\/\/binary.ec\/SITE\/wp-json\/wp\/v2\/pages\/203\/revisions"}],"predecessor-version":[{"id":2829,"href":"https:\/\/binary.ec\/SITE\/wp-json\/wp\/v2\/pages\/203\/revisions\/2829"}],"wp:attachment":[{"href":"https:\/\/binary.ec\/SITE\/wp-json\/wp\/v2\/media?parent=203"}],"curies":[{"name":"wp","href":"https:\/\/api.w.org\/{rel}","templated":true}]}}