{"id":1797,"date":"2011-07-14T19:45:29","date_gmt":"2011-07-14T19:45:29","guid":{"rendered":"http:\/\/binary.ec\/SITE\/about\/"},"modified":"2016-08-01T14:56:41","modified_gmt":"2016-08-01T19:56:41","slug":"about","status":"publish","type":"page","link":"https:\/\/binary.ec\/SITE\/about\/","title":{"rendered":"Acerca de"},"content":{"rendered":"<div class=\"row \">\n<div class=\"span4 \"><h2>\u00c1reas de Negocio<\/h2>\n<span class=\"wpsdc-drop-cap\">1<\/span> <a href=\"http:\/\/binary.ec\/SITE\/desarrollo\/\">Desarrollo de Software a Medida.<\/a><br \/>\nCon las tecnolog\u00edas y herramientas m\u00e1s actuales.<br \/>\n<div class=\"sm_hr\"><\/div><!-- .sm_hr (end) -->\n<span class=\"wpsdc-drop-cap\">2<\/span> <a href=\"http:\/\/binary.ec\/SITE\/administracion-de-proyectos\/\">Administraci\u00f3n de proyectos.<\/a><br \/>\nAceleramos el tiempo del ROI.<br \/>\n<div class=\"sm_hr\"><\/div><!-- .sm_hr (end) -->\n<span class=\"wpsdc-drop-cap\">3<\/span> <a href=\"http:\/\/binary.ec\/SITE\/marketing-digital\/\">Marketing Digital.<\/a><br \/>\nPromovemos tu producto o servicio.<br \/>\n<div class=\"sm_hr\"><\/div><!-- .sm_hr (end) -->\n<span class=\"wpsdc-drop-cap\">4<\/span> <a href=\"http:\/\/binary.ec\/SITE\/social-media\/\">Social Media.<\/a><br \/>\nAdminitraci\u00f3n de comunidad online.<br \/>\n<div class=\"sm_hr\"><\/div><!-- .sm_hr (end) -->\n<span class=\"wpsdc-drop-cap\">5<\/span> <a href=\"http:\/\/binary.ec\/SITE\/pos-bus\/\">Posicionamiento en buscadores.<\/a><br \/>\nAparece en el top de b\u00fasquedas.<br \/>\n<div class=\"sm_hr\"><\/div><!-- .sm_hr (end) -->\n<span class=\"wpsdc-drop-cap\">6<\/span> <a href=\"http:\/\/binary.ec\/SITE\/bi-academos\/\">Bi-Academos.<\/a><br \/>\nSistema Acad\u00e9mico modular, personalizable y auto-administrable.<br \/>\n<div class=\"sm_hr\"><\/div><!-- .sm_hr (end) -->\n<span class=\"wpsdc-drop-cap\">7<\/span> <a href=\"http:\/\/binary.ec\/SITE\/imagen-corporativa\/\">Imagen Corporativa.<\/a><br \/>\nHacemos de tu marca empresarial una obra de arte.<br \/>\n<div class=\"sm_hr\"><\/div><!-- .sm_hr (end) -->\n<span class=\"wpsdc-drop-cap\">8<\/span> <a href=\"http:\/\/binary.ec\/SITE\/servicio-de-qa\/\">Servicios QA.<\/a><br \/>\nCertificaci\u00f3n del correcto funcionamiento de aplicaciones y sistemas.<br \/>\n<div class=\"sm_hr\"><\/div><!-- .sm_hr (end) -->\n<span class=\"wpsdc-drop-cap\">9<\/span> <a href=\"http:\/\/binary.ec\/SITE\/diseno-web\/\">Dise\u00f1o Web.<\/a><br \/>\nDesarrollo de p\u00e1ginas Web Responsive.<br \/>\n<div class=\"spacer\"><\/div><!-- .spacer (end) -->\n<h2>Testimonios de Clientes<\/h2>\n<div class=\"testimonials \"><div class=\"testi-item list-item-0\"><blockquote class=\"testi-item_blockquote\"><a href=\"https:\/\/binary.ec\/SITE\/testimonial-view\/testimonial-3\/\">Son profesionales en su trabajo se dedican exclusivamente en dejar tu Sitio Web mejor que antes y muy novedoso para mis clientes \u00a1Excelente los<\/a><div class=\"clear\"><\/div><\/blockquote><small class=\"testi-meta\"><span class=\"user\">Marck Zuckenberg<\/span> <span class=\"info\">CEO Facebook<\/span><br><a class=\"testi-url\" href=\"http:\/\/facebook.com\">http:\/\/facebook.com<\/a><br><\/small><\/div><div class=\"testi-item list-item-1\"><blockquote class=\"testi-item_blockquote\"><a href=\"https:\/\/binary.ec\/SITE\/testimonial-view\/testimonial-2\/\">Son profesionales en su trabajo se dedican exclusivamente en dejar tu Sitio Web mejor que antes y muy novedoso para mis clientes \u00a1Excelente los<\/a><div class=\"clear\"><\/div><\/blockquote><small class=\"testi-meta\"><span class=\"user\">ICA ECUADOR<\/span> <span class=\"info\">Cliente Sitio Web<\/span><br><a class=\"testi-url\" href=\"http:\/\/icaecuador.com\">http:\/\/icaecuador.com<\/a><br><\/small><\/div><\/div><\/div>\n<div class=\"span8 \"><h2>\u00bfQui\u00e9nes Somos?<\/h2>\n<p style=\"text-align: justify;\">Somos una empresa dedicada a satisfacer las necesidades tecnol\u00f3gicas, ingenier\u00eda de software a medida, dise\u00f1o WEB con un enfoque diferente y vers\u00e1til, as\u00ed como proveer servicios de marketing digital, social media, dise\u00f1o de imagen corporativa y soluciones SEO para apoyar a cada una de sus \u00e1reas de negocio.<\/p>\n<p style=\"text-align: justify;\">Contamos con profesionales con experiencia, tanto en la parte t\u00e9cnica como administrativa y hemos conformado alianzas estrat\u00e9gicas del m\u00e1s alto nivel, lo cual nos ha permitido crear una estructura s\u00f3lida e interdisciplinaria basada en los principios de calidad total y mejoramiento continuo; por lo tanto estamos en condiciones de ofrecer a nuestros clientes las mejores pr\u00e1cticas en cada etapa de su proyecto.<\/p>\n<p style=\"text-align: justify;\"><img loading=\"lazy\" decoding=\"async\" class=\"wp-image-2408 size-full aligncenter\" src=\"http:\/\/binary.ec\/SITE\/wp-content\/uploads\/2011\/07\/quienes-somos2.jpg\" alt=\"quienes-somos2\" width=\"1072\" height=\"804\" srcset=\"https:\/\/binary.ec\/SITE\/wp-content\/uploads\/2011\/07\/quienes-somos2.jpg 1072w, https:\/\/binary.ec\/SITE\/wp-content\/uploads\/2011\/07\/quienes-somos2-300x225.jpg 300w, https:\/\/binary.ec\/SITE\/wp-content\/uploads\/2011\/07\/quienes-somos2-768x576.jpg 768w, https:\/\/binary.ec\/SITE\/wp-content\/uploads\/2011\/07\/quienes-somos2-1024x768.jpg 1024w, https:\/\/binary.ec\/SITE\/wp-content\/uploads\/2011\/07\/quienes-somos2-200x150.jpg 200w\" sizes=\"(max-width: 1072px) 100vw, 1072px\" \/><\/p>\n<p style=\"text-align: justify;\">\n<h2>Nuestra\u00a0Misi\u00f3n<\/h2>\n<p style=\"text-align: justify;\">Ser un referente del mercado tecnol\u00f3gico implementando metodolog\u00edas basadas en las mejores pr\u00e1cticas, maximizando la rentabilidad de nuestros clientes y cumpliendo puntualmente con los compromisos y objetivos ofertados a nuestros clientes.<\/p>\n<h2>Nuestra Visi\u00f3n<\/h2>\n<p style=\"text-align: justify;\">Brindar a nuestros clientes la satisfacci\u00f3n de trabajar con una empresa de tecnolog\u00eda que\u00a0 fundamenta su servicio en la investigaci\u00f3n y aplicaci\u00f3n de las m\u00e1s modernas, eficientes e innovadoras pr\u00e1cticas.<br \/>\n<div class=\"spacer\"><\/div><!-- .spacer (end) -->\n<h2>Modelo de Servicio<\/h2>\n<p style=\"text-align: justify;\">Queremos ser la empresa referente del mercado, en la que se desarrolle conjuntamente la calidad mediante la eficiencia, la capacidad de obtener beneficios a trav\u00e9s de la innovaci\u00f3n y la satisfacci\u00f3n de nuestros clientes brindando excelencia en el servicio.<\/p>\n<p style=\"text-align: justify;\">Para ello priorizamos las relaciones con nuestros clientes, y a trav\u00e9s del conocimiento de sus negocios y del nuestro, ganaremos su confianza y respeto como socio tecnol\u00f3gico para el dise\u00f1o, la implementaci\u00f3n y el mantenimiento de Soluciones Globales de Tecnolog\u00eda Inform\u00e1tica, adem\u00e1s de establecer alianzas inteligentes para fortalecer nuestras soluciones.<\/p>\n<p style=\"text-align: justify;\">La metodolog\u00eda utilizada es la garant\u00eda de que ustedes como clientes reciban un servicio y\/o producto de calidad, que adem\u00e1s le permita tanto la eficiente ejecuci\u00f3n de sus procesos de negocio como la no dependencia tecnol\u00f3gica hacia un solo proveedor.<\/p>\n<p style=\"text-align: justify;\"><div class=\"spacer\"><\/div><!-- .spacer (end) -->\n<h2 style=\"text-align: justify;\">Realizaci\u00f3n de Proyectos<\/h2>\n<p style=\"text-align: justify;\">Para la realizaci\u00f3n de los proyectos utilizamos la combinaci\u00f3n de las mejores pr\u00e1cticas, teniendo estas fases:<\/p>\n<p style=\"text-align: justify;\"><span style=\"color: red;\"><strong>Fase de Inicio:<\/strong><\/span> En esta fase se realiza el levantamiento de los requisitos del producto desde la perspectiva del usuario, as\u00ed mismo se define el alcance del proyecto, los participantes y se analizan los posibles riesgos.<\/p>\n<p style=\"text-align: justify;\"><span style=\"color: yellow;\"><strong>Fase de Planeaci\u00f3n:<\/strong><\/span> An\u00e1lisis y Dise\u00f1o de sus procesos de negocio, as\u00ed como la optimizaci\u00f3n y mejoramiento, establecimiento del plan de trabajo, recursos financieros, materiales y humanos.<\/p>\n<p style=\"text-align: justify;\"><span style=\"color: blue;\"><strong>Fase de Ejecuci\u00f3n y Control:<\/strong><\/span> Desarrollo y ejecuci\u00f3n del plan de trabajo con las pol\u00edticas de aseguramiento de calidad, adem\u00e1s se lleva la capacitaci\u00f3n y entrenamiento.<\/p>\n<p style=\"text-align: justify;\"><span style=\"color: green;\"><strong>Fase de Cierre:<\/strong><\/span> Entrega de la documentaci\u00f3n final del proyecto, la cual asegura la implantaci\u00f3n exitosa del proyecto, as\u00ed como las lecciones aprendidas durante la ejecuci\u00f3n para retroalimentaci\u00f3n.<\/p>\n<p style=\"text-align: justify;\"><img loading=\"lazy\" decoding=\"async\" class=\"aligncenter wp-image-2406 size-full\" src=\"http:\/\/binary.ec\/SITE\/wp-content\/uploads\/2011\/07\/realizaci\u00f3n-de-proyectos.jpg\" alt=\"realizaci\u00f3n-de-proyectos\" width=\"1200\" height=\"785\" srcset=\"https:\/\/binary.ec\/SITE\/wp-content\/uploads\/2011\/07\/realizaci\u00f3n-de-proyectos.jpg 1200w, https:\/\/binary.ec\/SITE\/wp-content\/uploads\/2011\/07\/realizaci\u00f3n-de-proyectos-300x196.jpg 300w, https:\/\/binary.ec\/SITE\/wp-content\/uploads\/2011\/07\/realizaci\u00f3n-de-proyectos-768x502.jpg 768w, https:\/\/binary.ec\/SITE\/wp-content\/uploads\/2011\/07\/realizaci\u00f3n-de-proyectos-1024x670.jpg 1024w\" sizes=\"(max-width: 1200px) 100vw, 1200px\" \/><\/p>\n<h2>Nuestros Clientes y Proveedores<\/h2>\n<p style=\"text-align: justify;\">En Binary Sistemas no buscamos relaciones a corto plazo, construimos relaciones duraderas con nuestros clientes y proveedores, entendiendo y anticip\u00e1ndonos a sus necesidades, ofreciendo productos y servicios de calidad incuestionable.<\/p>\n<p style=\"text-align: justify;\">Queremos conocer a nuestros clientes, para brindarle soluciones a su medida y aumentar constantemente su nivel de satisfacci\u00f3n; todo esto basado en nuestras experiencias grupales y personales.<\/p>\n<p style=\"text-align: justify;\">Establecemos relaciones perdurables, estas relaciones no se basan exclusivamente en la comercializaci\u00f3n de un equipo humano y sus habilidades, sino que incluyen toda nuestra suite de servicios y un seguimiento personalizado de cada uno de nuestros clientes. y proveedores.<\/p>\n<h2>\u00bfPor qu\u00e9 debe elegirnos?<\/h2>\n<p style=\"text-align: justify;\">Nuestro \u00e9xito viene del conocimiento especializado del producto, es muy f\u00e1cil proclamar habilidades, sin embargo, productos complejos requieren tiempo y esfuerzo serio para aprenderlos, realizar un curso de entrenamiento es s\u00f3lo un comienzo, pero volverse un verdadero experto, requiere un nivel diferente de tiempo y exige una educaci\u00f3n y entrenamiento especial, logrando formar profesionales que afronten los retos que hoy d\u00eda los clientes demandan.<\/p>\n<p style=\"text-align: justify;\">En Binary Sistemas trabajamos duro y nos preocupamos por concretar su proyecto de la mejor forma posible, siempre garantizando una rentabilidad \u00f3ptima.<\/p>\n<p style=\"text-align: justify;\"><img loading=\"lazy\" decoding=\"async\" class=\"aligncenter wp-image-2403 size-full\" src=\"http:\/\/binary.ec\/SITE\/wp-content\/uploads\/2011\/07\/por-qu\u00e9-debe-elegirnos.jpg\" alt=\"por-qu\u00e9-debe-elegirnos\" width=\"1200\" height=\"800\" srcset=\"https:\/\/binary.ec\/SITE\/wp-content\/uploads\/2011\/07\/por-qu\u00e9-debe-elegirnos.jpg 1200w, https:\/\/binary.ec\/SITE\/wp-content\/uploads\/2011\/07\/por-qu\u00e9-debe-elegirnos-300x200.jpg 300w, https:\/\/binary.ec\/SITE\/wp-content\/uploads\/2011\/07\/por-qu\u00e9-debe-elegirnos-768x512.jpg 768w, https:\/\/binary.ec\/SITE\/wp-content\/uploads\/2011\/07\/por-qu\u00e9-debe-elegirnos-1024x683.jpg 1024w\" sizes=\"(max-width: 1200px) 100vw, 1200px\" \/><\/p>\n<h2>Nuestro equipo de trabajo<\/h2>\n<ul class=\"posts-grid row-fluid unstyled team ul-item-0\"><li class=\"span4 list-item-1\"><figure class=\"featured-thumbnail thumbnail\"><a href=\"https:\/\/binary.ec\/SITE\/wp-content\/uploads\/2016\/07\/mantencion-web-500x309.jpg\" title=\"Christian E. V\u00e1squez\" rel=\"prettyPhoto-1687783915[gallery0]\"><img decoding=\"async\" src=\"https:\/\/binary.ec\/SITE\/wp-content\/uploads\/2016\/02\/team-1-370x250.jpg\" alt=\"Christian E. V\u00e1squez\" \/><span class=\"zoom-icon\"><\/span><\/a><\/figure><div class=\"clear\"><\/div><h5><a href=\"https:\/\/binary.ec\/SITE\/team-view\/jose-silva\/\" title=\"Christian E. V\u00e1squez\">Christian E. V\u00e1squez<\/a><\/h5><div class=\"post_networks\"><ul class=\"clearfix unstyled\"><li class=\"network_0\"><a href=\"https:\/\/www.facebook.com\/BinarySistemasEcuador\/?fref=ts\" title=\"\"><span class=\"icon-facebook\"><\/span><\/a><\/li><li class=\"network_1\"><a href=\"https:\/\/twitter.com\/BinarySistemas?lang=es\" title=\"\"><span class=\"icon-twitter\"><\/span><\/a><\/li><li class=\"network_2\"><a href=\"https:\/\/www.instagram.com\/binarysistemas\/\" title=\"\"><span class=\"icon-instagram\"><\/span><\/a><\/li><li class=\"network_3\"><a href=\"https:\/\/es.pinterest.com\/BinarySistemas\/\" title=\"\"><span class=\"icon-pinterest\"><\/span><\/a><\/li><\/ul><\/div><p class=\"excerpt\">Soy una persona comprometida con mi trabajo, tengo ideas innovadoras, me&hellip;<\/p><a href=\"https:\/\/binary.ec\/SITE\/team-view\/jose-silva\/\" class=\"btn btn-primary\" title=\"Christian E. V\u00e1squez\">Leer M\u00e1s<\/a><\/li><li class=\"span4 list-item-2\"><figure class=\"featured-thumbnail thumbnail\"><a href=\"https:\/\/binary.ec\/SITE\/wp-content\/uploads\/2016\/02\/team-1.jpg\" title=\"Gabriela Mateus\" rel=\"prettyPhoto-1687783915[gallery1]\"><img decoding=\"async\" src=\"https:\/\/binary.ec\/SITE\/wp-content\/uploads\/2016\/02\/team-3-370x250.jpg\" alt=\"Gabriela Mateus\" \/><span class=\"zoom-icon\"><\/span><\/a><\/figure><figure class=\"featured-thumbnail thumbnail\" style=\"display:none;\"><a href=\"https:\/\/binary.ec\/SITE\/wp-content\/uploads\/2016\/02\/team-2.jpg\" title=\"Gabriela Mateus\" rel=\"prettyPhoto-1687783915[gallery1]\"><span class=\"zoom-icon\"><\/span><\/a><\/figure><figure class=\"featured-thumbnail thumbnail\" style=\"display:none;\"><a href=\"https:\/\/binary.ec\/SITE\/wp-content\/uploads\/2016\/02\/team-3.jpg\" title=\"Gabriela Mateus\" rel=\"prettyPhoto-1687783915[gallery1]\"><span class=\"zoom-icon\"><\/span><\/a><\/figure><div class=\"clear\"><\/div><h5><a href=\"https:\/\/binary.ec\/SITE\/team-view\/excepteur-sint-occaecat\/\" title=\"Gabriela Mateus\">Gabriela Mateus<\/a><\/h5><div class=\"post_networks\"><ul class=\"clearfix unstyled\"><li class=\"network_0\"><a href=\"https:\/\/www.facebook.com\/BinarySistemasEcuador\/?fref=ts\" title=\"\"><span class=\"icon-facebook\"><\/span><\/a><\/li><li class=\"network_1\"><a href=\"https:\/\/twitter.com\/BinarySistemas?lang=es\" title=\"\"><span class=\"icon-twitter\"><\/span><\/a><\/li><li class=\"network_2\"><a href=\"https:\/\/www.instagram.com\/binarysistemas\/\" title=\"\"><span class=\"icon-instagram\"><\/span><\/a><\/li><li class=\"network_3\"><a href=\"https:\/\/es.pinterest.com\/BinarySistemas\/\" title=\"\"><span class=\"icon-pinterest\"><\/span><\/a><\/li><\/ul><\/div><p class=\"excerpt\"><\/p><a href=\"https:\/\/binary.ec\/SITE\/team-view\/excepteur-sint-occaecat\/\" class=\"btn btn-primary\" title=\"Gabriela Mateus\">Leer M\u00e1s<\/a><\/li><li class=\"span4 list-item-3\"><figure class=\"featured-thumbnail thumbnail\"><a href=\"https:\/\/binary.ec\/SITE\/wp-content\/uploads\/2011\/07\/marketing-e1470062588625.jpg\" title=\"Edwin Maya\" rel=\"prettyPhoto-1687783915[gallery2]\"><img decoding=\"async\"  src=\"https:\/\/binary.ec\/SITE\/wp-content\/uploads\/2011\/07\/marketing-e1470062588625.jpg\" alt=\"Edwin Maya\" \/><span class=\"zoom-icon\"><\/span><\/a><\/figure><div class=\"clear\"><\/div><h5><a href=\"https:\/\/binary.ec\/SITE\/team-view\/ad-minim-venia\/\" title=\"Edwin Maya\">Edwin Maya<\/a><\/h5><div class=\"post_networks\"><ul class=\"clearfix unstyled\"><li class=\"network_0\"><a href=\"https:\/\/www.facebook.com\/BinarySistemasEcuador\/?fref=ts\" title=\"\"><span class=\"icon-facebook\"><\/span><\/a><\/li><li class=\"network_1\"><a href=\"https:\/\/twitter.com\/BinarySistemas?lang=es\" title=\"\"><span class=\"icon-twitter\"><\/span><\/a><\/li><li class=\"network_2\"><a href=\"https:\/\/www.instagram.com\/binarysistemas\/\" title=\"\"><span class=\"icon-instagram\"><\/span><\/a><\/li><li class=\"network_3\"><a href=\"https:\/\/es.pinterest.com\/BinarySistemas\/\" title=\"\"><span class=\"icon-pinterest\"><\/span><\/a><\/li><\/ul><\/div><p class=\"excerpt\"><\/p><a href=\"https:\/\/binary.ec\/SITE\/team-view\/ad-minim-venia\/\" class=\"btn btn-primary\" title=\"Edwin Maya\">Leer M\u00e1s<\/a><\/li><\/ul><\/ul><!-- .posts-grid (end) --><\/div>\n<\/div><!-- .row (end) -->\n","protected":false},"excerpt":{"rendered":"","protected":false},"author":2,"featured_media":0,"parent":0,"menu_order":1,"comment_status":"open","ping_status":"open","template":"page-fullwidth.php","meta":{"_mi_skip_tracking":false,"footnotes":""},"_links":{"self":[{"href":"https:\/\/binary.ec\/SITE\/wp-json\/wp\/v2\/pages\/1797"}],"collection":[{"href":"https:\/\/binary.ec\/SITE\/wp-json\/wp\/v2\/pages"}],"about":[{"href":"https:\/\/binary.ec\/SITE\/wp-json\/wp\/v2\/types\/page"}],"author":[{"embeddable":true,"href":"https:\/\/binary.ec\/SITE\/wp-json\/wp\/v2\/users\/2"}],"replies":[{"embeddable":true,"href":"https:\/\/binary.ec\/SITE\/wp-json\/wp\/v2\/comments?post=1797"}],"version-history":[{"count":41,"href":"https:\/\/binary.ec\/SITE\/wp-json\/wp\/v2\/pages\/1797\/revisions"}],"predecessor-version":[{"id":2409,"href":"https:\/\/binary.ec\/SITE\/wp-json\/wp\/v2\/pages\/1797\/revisions\/2409"}],"wp:attachment":[{"href":"https:\/\/binary.ec\/SITE\/wp-json\/wp\/v2\/media?parent=1797"}],"curies":[{"name":"wp","href":"https:\/\/api.w.org\/{rel}","templated":true}]}}