{"id":14,"date":"2011-07-14T19:47:05","date_gmt":"2011-07-14T19:47:05","guid":{"rendered":"http:\/\/binary.ec\/SITE\/contacts\/"},"modified":"2016-08-01T09:01:04","modified_gmt":"2016-08-01T14:01:04","slug":"contacts","status":"publish","type":"page","link":"https:\/\/binary.ec\/SITE\/contacts\/","title":{"rendered":"Contactos"},"content":{"rendered":"<div class=\"row \">\n<div class=\"span4 \"><h3 style=\"text-align: justify;\">Modelo<\/h3>\n<h3 style=\"text-align: justify;\">de Servicio<\/h3>\n<h5 style=\"text-align: justify;\">Queremos ser la empresa referente del mercado, en la que se desarrolle conjuntamente la calidad mediante la eficiencia, la capacidad de obtener beneficios a trav\u00e9s de la innovaci\u00f3n y la satisfacci\u00f3n de nuestros clientes brindando excelencia en el servicio.<\/h5>\n<p style=\"text-align: justify;\">Para ello priorizamos las relaciones con nuestros clientes, y a trav\u00e9s del conocimiento de sus negocios y del nuestro, ganaremos su confianza y respeto como socio tecnol\u00f3gico para el dise\u00f1o, la implementaci\u00f3n y el mantenimiento de Soluciones Globales de Tecnolog\u00eda Inform\u00e1tica, adem\u00e1s de establecer alianzas inteligentes para fortalecer nuestras soluciones.<br \/>\nLa metodolog\u00eda utilizada es la garant\u00eda de que ustedes como clientes reciban un servicio y\/o producto de calidad, que adem\u00e1s le permita tanto la eficiente ejecuci\u00f3n de sus procesos de negocio como la no dependencia tecnol\u00f3gica hacia un solo proveedor.<\/p>\n<address>\n<strong>Binary Sistemas Cia. Ltda.<br \/>\nAv. Amazonas y Alemania Edificio Skorpios Of. 802.<\/strong><br \/>\nTel\u00e9fono 1: (593 2) 2442 986<br \/>\nTel\u00e9fono 2: (593 2) 2922 128<br \/>\nE-mail: <a href=\"mailto:info@binary.ec\">info@binary.ec<\/a><br \/>\n<\/address><!-- address (end) --><\/div>\n<div class=\"span8 \"><h2 class=\"header_2 text_7 color_6\">Solicita mayor informaci\u00f3n<\/h2>\n<p>&nbsp;<\/p>\n<div class=\"frm_forms  with_frm_style frm_style_formidable-style\" id=\"frm_form_8_container\" >\n<form enctype=\"multipart\/form-data\" method=\"post\" class=\"frm-show-form \" id=\"form_contact2\" >\n<div class=\"frm_form_fields \">\n<fieldset>\n<legend class=\"frm_hidden\">Contacto<\/legend>\r\n\r\n<div class=\"frm_fields_container\">\n<input type=\"hidden\" name=\"frm_action\" value=\"create\" \/>\n<input type=\"hidden\" name=\"form_id\" value=\"8\" \/>\n<input type=\"hidden\" name=\"frm_hide_fields_8\" id=\"frm_hide_fields_8\" value=\"\" \/>\n<input type=\"hidden\" name=\"form_key\" value=\"contact2\" \/>\n<input type=\"hidden\" name=\"item_meta[0]\" value=\"\" \/>\n<input type=\"hidden\" id=\"frm_submit_entry_8\" name=\"frm_submit_entry_8\" value=\"6de40464ea\" \/><input type=\"hidden\" name=\"_wp_http_referer\" value=\"\/SITE\/wp-json\/wp\/v2\/pages\/14\" \/><div id=\"frm_field_30_container\" class=\"frm_form_field form-field  frm_required_field frm_top_container frm_first frm_half\">\r\n    <label for=\"field_qh4icy2\" class=\"frm_primary_label\">Nombres\r\n        <span class=\"frm_required\">*<\/span>\r\n    <\/label>\r\n    <input type=\"text\" id=\"field_qh4icy2\" name=\"item_meta[30]\" value=\"\"  data-reqmsg=\"Este campo no puede estar en blanco.\" aria-required=\"true\" data-invmsg=\"Nombres no es v\u00e1lido\" aria-invalid=\"false\"  \/>\r\n    \r\n    \r\n<\/div>\n<div id=\"frm_field_31_container\" class=\"frm_form_field form-field  frm_required_field frm_top_container frm_half\">\r\n    <label for=\"field_ocfup12\" class=\"frm_primary_label\">Apellidos\r\n        <span class=\"frm_required\">*<\/span>\r\n    <\/label>\r\n    <input type=\"text\" id=\"field_ocfup12\" name=\"item_meta[31]\" value=\"\"  data-reqmsg=\"Este campo no puede estar en blanco.\" aria-required=\"true\" data-invmsg=\"Apellidos no es v\u00e1lido\" aria-invalid=\"false\"  \/>\r\n    \r\n    \r\n<\/div>\n<div id=\"frm_field_32_container\" class=\"frm_form_field form-field  frm_required_field frm_top_container frm_full\">\r\n    <label for=\"field_29yf4d2\" class=\"frm_primary_label\">Email\r\n        <span class=\"frm_required\">*<\/span>\r\n    <\/label>\r\n    <input type=\"email\" id=\"field_29yf4d2\" name=\"item_meta[32]\" value=\"\"  data-reqmsg=\"Este campo no puede estar en blanco.\" aria-required=\"true\" data-invmsg=\"Por favor introduzca un email v\u00e1lido.\" aria-invalid=\"false\"  \/>\r\n    \r\n    \r\n<\/div>\n<div id=\"frm_field_37_container\" class=\"frm_form_field form-field  frm_required_field frm_top_container\">\r\n    <label for=\"field_6jlt7\" class=\"frm_primary_label\">Tel\u00e9fono\r\n        <span class=\"frm_required\">*<\/span>\r\n    <\/label>\r\n    <input type=\"text\" id=\"field_6jlt7\" name=\"item_meta[37]\" value=\"\"  data-reqmsg=\"Tel\u00e9fono cannot be blank.\" aria-required=\"true\" data-invmsg=\"Tel\u00e9fono no es v\u00e1lido\" aria-invalid=\"false\"  \/>\r\n    \r\n    \r\n<\/div>\n<div id=\"frm_field_35_container\" class=\"frm_form_field form-field  frm_required_field frm_top_container frm_full\">\r\n    <label for=\"field_9jv0r12\" class=\"frm_primary_label\">Mensaje\r\n        <span class=\"frm_required\">*<\/span>\r\n    <\/label>\r\n    <textarea name=\"item_meta[35]\" id=\"field_9jv0r12\" rows=\"5\"  data-reqmsg=\"Mensaje cannot be blank.\" aria-required=\"true\" data-invmsg=\"Mensaje no es v\u00e1lido\" aria-invalid=\"false\"  ><\/textarea>\r\n    \r\n    \r\n<\/div>\n<div id=\"frm_field_36_container\" class=\"frm_form_field form-field  frm_none_container\">\r\n    <label for=\"g-recaptcha-response\" class=\"frm_primary_label\">Captcha\r\n        <span class=\"frm_required\"><\/span>\r\n    <\/label>\r\n    <div  id=\"field_62n6q32\" class=\"frm-g-recaptcha\" data-sitekey=\"6Lfj0schAAAAAMLeYyQOIfIB4COqaadWtNzGsbsl\" data-size=\"normal\" data-theme=\"light\"><\/div>\r\n    \r\n    \r\n<\/div>\n\t<input type=\"hidden\" name=\"item_key\" value=\"\" \/>\n\t\t\t<div id=\"frm_field_38_container\">\n\t\t\t<label for=\"field_ubrev\" >\n\t\t\t\tSi eres humano, deja este campo en blanco.\t\t\t<\/label>\n\t\t\t<input  id=\"field_ubrev\" type=\"text\" class=\"frm_form_field form-field frm_verify\" name=\"item_meta[38]\" value=\"\"  \/>\n\t\t<\/div>\n\t\t<input name=\"frm_state\" type=\"hidden\" value=\"qEQLhhiTdOdDD1pHZy9qQ2JeVHAI3ZBfuM0+U0\/Zmy4=\" \/><div class=\"frm_submit\">\r\n\r\n<input type=\"submit\" value=\"ENVIAR\"  \/>\r\n<img decoding=\"async\" class=\"frm_ajax_loading\" src=\"https:\/\/binary.ec\/SITE\/wp-content\/plugins\/formidable\/images\/ajax_loader.gif\" alt=\"Sending\"\/>\r\n\r\n<\/div><\/div>\n<\/fieldset>\n<\/div>\n\n<\/form>\n<\/div>\n<\/div>\n<\/div><!-- .row (end) -->\n<p>&nbsp;<\/p>\n","protected":false},"excerpt":{"rendered":"&nbsp;","protected":false},"author":2,"featured_media":0,"parent":0,"menu_order":6,"comment_status":"open","ping_status":"closed","template":"page-fullwidth.php","meta":{"_mi_skip_tracking":false,"footnotes":""},"_links":{"self":[{"href":"https:\/\/binary.ec\/SITE\/wp-json\/wp\/v2\/pages\/14"}],"collection":[{"href":"https:\/\/binary.ec\/SITE\/wp-json\/wp\/v2\/pages"}],"about":[{"href":"https:\/\/binary.ec\/SITE\/wp-json\/wp\/v2\/types\/page"}],"author":[{"embeddable":true,"href":"https:\/\/binary.ec\/SITE\/wp-json\/wp\/v2\/users\/2"}],"replies":[{"embeddable":true,"href":"https:\/\/binary.ec\/SITE\/wp-json\/wp\/v2\/comments?post=14"}],"version-history":[{"count":42,"href":"https:\/\/binary.ec\/SITE\/wp-json\/wp\/v2\/pages\/14\/revisions"}],"predecessor-version":[{"id":2270,"href":"https:\/\/binary.ec\/SITE\/wp-json\/wp\/v2\/pages\/14\/revisions\/2270"}],"wp:attachment":[{"href":"https:\/\/binary.ec\/SITE\/wp-json\/wp\/v2\/media?parent=14"}],"curies":[{"name":"wp","href":"https:\/\/api.w.org\/{rel}","templated":true}]}}